{"id":993,"date":"2024-05-23T21:41:07","date_gmt":"2024-05-23T21:41:07","guid":{"rendered":"https:\/\/www.montazemocek.cz\/?page_id=993"},"modified":"2024-05-23T23:39:52","modified_gmt":"2024-05-23T23:39:52","slug":"manipulacni-technika","status":"publish","type":"page","link":"https:\/\/www.montazemocek.cz\/index.php\/manipulacni-technika\/","title":{"rendered":"MANIPULA\u010cN\u00cd A V\u00ddKOPOV\u00c1 TECHNIKA"},"content":{"rendered":"\n<figure class=\"wp-block-gallery has-nested-images columns-3 is-cropped wp-block-gallery-1 is-layout-flex wp-block-gallery-is-layout-flex\">\n<figure class=\"wp-block-image size-large\"><img loading=\"lazy\" decoding=\"async\" width=\"576\" height=\"1024\" data-id=\"1004\" src=\"https:\/\/www.montazemocek.cz\/wp-content\/uploads\/2024\/05\/PHOTO-2024-04-01-16-31-46-2-576x1024.jpg\" alt=\"\" class=\"wp-image-1004\" srcset=\"https:\/\/www.montazemocek.cz\/wp-content\/uploads\/2024\/05\/PHOTO-2024-04-01-16-31-46-2-576x1024.jpg 576w, https:\/\/www.montazemocek.cz\/wp-content\/uploads\/2024\/05\/PHOTO-2024-04-01-16-31-46-2-169x300.jpg 169w, https:\/\/www.montazemocek.cz\/wp-content\/uploads\/2024\/05\/PHOTO-2024-04-01-16-31-46-2-768x1365.jpg 768w, https:\/\/www.montazemocek.cz\/wp-content\/uploads\/2024\/05\/PHOTO-2024-04-01-16-31-46-2-864x1536.jpg 864w, https:\/\/www.montazemocek.cz\/wp-content\/uploads\/2024\/05\/PHOTO-2024-04-01-16-31-46-2.jpg 900w\" sizes=\"(max-width: 576px) 100vw, 576px\" \/><\/figure>\n\n\n\n<figure class=\"wp-block-image size-large\"><a href=\"https:\/\/www.montazemocek.cz\/wp-content\/uploads\/2024\/05\/PHOTO-2024-05-20-00-31-238.jpg\"><img loading=\"lazy\" decoding=\"async\" width=\"768\" height=\"1024\" data-id=\"1011\" src=\"https:\/\/www.montazemocek.cz\/wp-content\/uploads\/2024\/05\/PHOTO-2024-05-20-00-31-238-768x1024.jpg\" alt=\"\" class=\"wp-image-1011\" srcset=\"https:\/\/www.montazemocek.cz\/wp-content\/uploads\/2024\/05\/PHOTO-2024-05-20-00-31-238-768x1024.jpg 768w, https:\/\/www.montazemocek.cz\/wp-content\/uploads\/2024\/05\/PHOTO-2024-05-20-00-31-238-225x300.jpg 225w, https:\/\/www.montazemocek.cz\/wp-content\/uploads\/2024\/05\/PHOTO-2024-05-20-00-31-238-1152x1536.jpg 1152w, https:\/\/www.montazemocek.cz\/wp-content\/uploads\/2024\/05\/PHOTO-2024-05-20-00-31-238.jpg 1200w\" sizes=\"(max-width: 768px) 100vw, 768px\" \/><\/a><\/figure>\n\n\n\n<figure class=\"wp-block-image size-large\"><img loading=\"lazy\" decoding=\"async\" width=\"1024\" height=\"768\" data-id=\"1001\" src=\"https:\/\/www.montazemocek.cz\/wp-content\/uploads\/2024\/05\/PHOTO-2024-05-20-00-31-221-1024x768.jpg\" alt=\"\" class=\"wp-image-1001\" srcset=\"https:\/\/www.montazemocek.cz\/wp-content\/uploads\/2024\/05\/PHOTO-2024-05-20-00-31-221-1024x768.jpg 1024w, https:\/\/www.montazemocek.cz\/wp-content\/uploads\/2024\/05\/PHOTO-2024-05-20-00-31-221-300x225.jpg 300w, https:\/\/www.montazemocek.cz\/wp-content\/uploads\/2024\/05\/PHOTO-2024-05-20-00-31-221-768x576.jpg 768w, https:\/\/www.montazemocek.cz\/wp-content\/uploads\/2024\/05\/PHOTO-2024-05-20-00-31-221-1536x1152.jpg 1536w, https:\/\/www.montazemocek.cz\/wp-content\/uploads\/2024\/05\/PHOTO-2024-05-20-00-31-221.jpg 2048w\" sizes=\"(max-width: 1024px) 100vw, 1024px\" \/><\/figure>\n\n\n\n<figure class=\"wp-block-image size-large\"><img loading=\"lazy\" decoding=\"async\" width=\"1024\" height=\"768\" data-id=\"1008\" src=\"https:\/\/www.montazemocek.cz\/wp-content\/uploads\/2024\/05\/PHOTO-2024-05-20-00-31-22-1024x768.jpg\" alt=\"\" class=\"wp-image-1008\" srcset=\"https:\/\/www.montazemocek.cz\/wp-content\/uploads\/2024\/05\/PHOTO-2024-05-20-00-31-22-1024x768.jpg 1024w, https:\/\/www.montazemocek.cz\/wp-content\/uploads\/2024\/05\/PHOTO-2024-05-20-00-31-22-300x225.jpg 300w, https:\/\/www.montazemocek.cz\/wp-content\/uploads\/2024\/05\/PHOTO-2024-05-20-00-31-22-768x576.jpg 768w, https:\/\/www.montazemocek.cz\/wp-content\/uploads\/2024\/05\/PHOTO-2024-05-20-00-31-22-1536x1152.jpg 1536w, https:\/\/www.montazemocek.cz\/wp-content\/uploads\/2024\/05\/PHOTO-2024-05-20-00-31-22.jpg 2048w\" sizes=\"(max-width: 1024px) 100vw, 1024px\" \/><\/figure>\n\n\n\n<figure class=\"wp-block-image size-large\"><a href=\"https:\/\/www.montazemocek.cz\/wp-content\/uploads\/2024\/05\/PHOTO-2024-05-20-00-31-231.jpg\"><img loading=\"lazy\" decoding=\"async\" width=\"1024\" height=\"768\" data-id=\"1010\" src=\"https:\/\/www.montazemocek.cz\/wp-content\/uploads\/2024\/05\/PHOTO-2024-05-20-00-31-231-1024x768.jpg\" alt=\"\" class=\"wp-image-1010\" srcset=\"https:\/\/www.montazemocek.cz\/wp-content\/uploads\/2024\/05\/PHOTO-2024-05-20-00-31-231-1024x768.jpg 1024w, https:\/\/www.montazemocek.cz\/wp-content\/uploads\/2024\/05\/PHOTO-2024-05-20-00-31-231-300x225.jpg 300w, https:\/\/www.montazemocek.cz\/wp-content\/uploads\/2024\/05\/PHOTO-2024-05-20-00-31-231-768x576.jpg 768w, https:\/\/www.montazemocek.cz\/wp-content\/uploads\/2024\/05\/PHOTO-2024-05-20-00-31-231-1536x1152.jpg 1536w, https:\/\/www.montazemocek.cz\/wp-content\/uploads\/2024\/05\/PHOTO-2024-05-20-00-31-231.jpg 2048w\" sizes=\"(max-width: 1024px) 100vw, 1024px\" \/><\/a><\/figure>\n\n\n\n<figure class=\"wp-block-image size-large\"><img loading=\"lazy\" decoding=\"async\" width=\"1024\" height=\"768\" data-id=\"1020\" src=\"https:\/\/www.montazemocek.cz\/wp-content\/uploads\/2024\/05\/PHOTO-2023-05-19-17-36-20-1024x768.jpg\" alt=\"\" class=\"wp-image-1020\" srcset=\"https:\/\/www.montazemocek.cz\/wp-content\/uploads\/2024\/05\/PHOTO-2023-05-19-17-36-20-1024x768.jpg 1024w, https:\/\/www.montazemocek.cz\/wp-content\/uploads\/2024\/05\/PHOTO-2023-05-19-17-36-20-300x225.jpg 300w, https:\/\/www.montazemocek.cz\/wp-content\/uploads\/2024\/05\/PHOTO-2023-05-19-17-36-20-768x576.jpg 768w, https:\/\/www.montazemocek.cz\/wp-content\/uploads\/2024\/05\/PHOTO-2023-05-19-17-36-20-1536x1152.jpg 1536w, https:\/\/www.montazemocek.cz\/wp-content\/uploads\/2024\/05\/PHOTO-2023-05-19-17-36-20.jpg 2048w\" sizes=\"(max-width: 1024px) 100vw, 1024px\" \/><\/figure>\n\n\n\n<figure class=\"wp-block-image size-large\"><a href=\"https:\/\/www.montazemocek.cz\/wp-content\/uploads\/2022\/04\/20220304_162614-scaled.jpg\"><img loading=\"lazy\" decoding=\"async\" width=\"1024\" height=\"768\" data-id=\"683\" src=\"https:\/\/www.montazemocek.cz\/wp-content\/uploads\/2022\/04\/20220304_162614-1024x768.jpg\" alt=\"\" class=\"wp-image-683\" srcset=\"https:\/\/www.montazemocek.cz\/wp-content\/uploads\/2022\/04\/20220304_162614-1024x768.jpg 1024w, https:\/\/www.montazemocek.cz\/wp-content\/uploads\/2022\/04\/20220304_162614-300x225.jpg 300w, https:\/\/www.montazemocek.cz\/wp-content\/uploads\/2022\/04\/20220304_162614-768x576.jpg 768w, https:\/\/www.montazemocek.cz\/wp-content\/uploads\/2022\/04\/20220304_162614-1536x1152.jpg 1536w, https:\/\/www.montazemocek.cz\/wp-content\/uploads\/2022\/04\/20220304_162614-2048x1536.jpg 2048w\" sizes=\"(max-width: 1024px) 100vw, 1024px\" \/><\/a><\/figure>\n<\/figure>\n<!-- sktbuilder starter --><script type=\"text\/javascript\" src=\"https:\/\/www.montazemocek.cz\/wp-content\/plugins\/skt-builder\/sktbuilder\/sktbuilder-frontend-starter.js\"><\/script><script type=\"text\/javascript\" src=\"https:\/\/www.montazemocek.cz\/wp-content\/plugins\/skt-builder\/sktbuilder-wordpress-driver.js\"><\/script><script type=\"text\/javascript\"> var starter = new SktbuilderStarter({\"mode\": \"prod\", \"skip\":[\"jquery\",\"underscore\",\"backbone\"],\"sktbuilderUrl\": \"https:\/\/www.montazemocek.cz\/wp-content\/plugins\/skt-builder\/sktbuilder\/\", \"driver\": new SktbuilderWordpressDriver({\"ajaxUrl\": \"https:\/\/www.montazemocek.cz\/wp-admin\/admin-ajax.php\", \"iframeUrl\": \"https:\/\/www.montazemocek.cz\/index.php\/manipulacni-technika\/?sktbuilder=true\", \"pageId\": 993,  \"nonce\": \"ab5cb73590\", \"pages\": [{\"title\":\"No title\",\"url\":\"https:\\\/\\\/www.montazemocek.cz\\\/wp-admin\\\/post.php?post=30&action=sktbuilder\"},{\"title\":\"Galerie\",\"url\":\"https:\\\/\\\/www.montazemocek.cz\\\/wp-admin\\\/post.php?post=127&action=sktbuilder\"},{\"title\":\"Okna a dve\\u0159e\",\"url\":\"https:\\\/\\\/www.montazemocek.cz\\\/wp-admin\\\/post.php?post=167&action=sktbuilder\"},{\"title\":\"O N\\u00c1S\",\"url\":\"https:\\\/\\\/www.montazemocek.cz\\\/wp-admin\\\/post.php?post=190&action=sktbuilder\"},{\"title\":\"No title\",\"url\":\"https:\\\/\\\/www.montazemocek.cz\\\/wp-admin\\\/post.php?post=256&action=sktbuilder\"}], \"page\": \"MANIPULA\u010cN\u00cd A V\u00ddKOPOV\u00c1 TECHNIKA\" }) });<\/script><!-- end sktbuilder starter -->","protected":false},"excerpt":{"rendered":"","protected":false},"author":1,"featured_media":0,"parent":0,"menu_order":0,"comment_status":"closed","ping_status":"closed","template":"templates\/page-builder.php","meta":{"footnotes":""},"_links":{"self":[{"href":"https:\/\/www.montazemocek.cz\/index.php\/wp-json\/wp\/v2\/pages\/993"}],"collection":[{"href":"https:\/\/www.montazemocek.cz\/index.php\/wp-json\/wp\/v2\/pages"}],"about":[{"href":"https:\/\/www.montazemocek.cz\/index.php\/wp-json\/wp\/v2\/types\/page"}],"author":[{"embeddable":true,"href":"https:\/\/www.montazemocek.cz\/index.php\/wp-json\/wp\/v2\/users\/1"}],"replies":[{"embeddable":true,"href":"https:\/\/www.montazemocek.cz\/index.php\/wp-json\/wp\/v2\/comments?post=993"}],"version-history":[{"count":7,"href":"https:\/\/www.montazemocek.cz\/index.php\/wp-json\/wp\/v2\/pages\/993\/revisions"}],"predecessor-version":[{"id":1031,"href":"https:\/\/www.montazemocek.cz\/index.php\/wp-json\/wp\/v2\/pages\/993\/revisions\/1031"}],"wp:attachment":[{"href":"https:\/\/www.montazemocek.cz\/index.php\/wp-json\/wp\/v2\/media?parent=993"}],"curies":[{"name":"wp","href":"https:\/\/api.w.org\/{rel}","templated":true}]}}