{"id":844,"date":"2023-02-19T21:46:48","date_gmt":"2023-02-19T21:46:48","guid":{"rendered":"https:\/\/www.montazemocek.cz\/?page_id=844"},"modified":"2023-02-19T22:31:33","modified_gmt":"2023-02-19T22:31:33","slug":"veka","status":"publish","type":"page","link":"https:\/\/www.montazemocek.cz\/index.php\/veka\/","title":{"rendered":"VEKA profil"},"content":{"rendered":"<div id=\"skt-builder-menu-block-31\" class=\"skt-builder-block-wrapper skt-builder-menu-block skt-builder-menu-block-31\" style=\"background-color: #ffffff; background-image: url(http:\/\/www.montazemocek.cz\/wp-content\/uploads\/2023\/01\/a-3.png); padding-bottom: 20px; padding-top: 60px; \">\r\n\t<div class=\"skt-builder-block-inner skt-builder-block-inner-31\" style=\"\">\r\n\t\t<div class=\"skt-builder-container\">\r\n        \t<style>\r\n            \t.skt-builder-menu-block-31 .skt-builder-block-column-button{background-color: #ffffff; color: #ffffff;}\r\n\t\t\t\t.skt-builder-menu-block-31 .skt-builder-block-column-button:hover{background-color: #ffffff; color: #ffffff;}\r\n            <\/style>\r\n\t\t\t\t<div class=\"skt-builder-block-title\">\r\n\t\t\t\t\t<h2 style=\"color: #282828; text-align: center;\">Plastov\u00e1 a plast-hlin\u00edkov\u00e1 okna a dve\u0159e VEKA<\/h2>\r\n\t\t\t\t<\/div>\r\n                <div class=\"skt-builder-block-description\"><p class=\"ql-align-center\"><br><\/p><\/div>\r\n\t\t\t<div class=\"skt-builder-columns-row skt-builder-columns-row-2column\">\r\n\t\t\t\t\t<div class=\"skt-builder-column skt-builder-menu-column skt-builder-menu-column-33\">\r\n                    \t<style>\r\n\t\t\t\t\t\t\t.skt-builder-menu-column-33 .skt-builder-menu-column-title a:hover{color: #84dcc6 !important;}\r\n\t\t\t\t\t\t<\/style>\r\n                    \t<div class=\"skt-builder-column-inner\">\r\n                        \t<a href=\"#\" ><img decoding=\"async\" class=\"skt-builder-menu-column-image\" src=\"http:\/\/www.montazemocek.cz\/wp-content\/uploads\/2023\/02\/Screenshot-2023-02-19-at-22-54-11-VEKA_Softline-_76_MD-2.pdf.png\"><\/a>\r\n                        \t<div class=\"skt-builder-menu-column-info\">\r\n                        \t\t<h3 class=\"skt-builder-menu-column-title\"><a href=\"#\" style=\"color: #282828;\" >Softline 76MD<\/a><\/h3>\r\n                                <span class=\"skt-builder-menu-column-price\" style=\"color: #9437fd;\"><\/span>\r\n                            <\/div>\r\n                            <div class=\"skt-builder-menu-column-description\" style=\"color: #808b98;\"><p><strong>Syst\u00e9m SOFTLINE 76 jako nov\u00e1 generace profil\u016f t\u0159\u00eddy A od firmy VEKA spl\u0148uje v\u0161echny tyto po\u017eadavky. Tento profilov\u00fd syst\u00e9m se bez probl\u00e9m\u016f vypo\u0159\u00e1d\u00e1 sezasklen\u00edm a\u017e do 48 mm. Krom\u011b modern\u00edho trojskla, kter\u00e9 je z\u00e1rukou dosa\u017een\u00ed po\u017eadovan\u00fdch hodnot sou\u010dinitele<\/strong><\/p><p><strong> prostupu tepla, je mo\u017en\u00e9 pou\u017e\u00edt i skla speci\u00e1ln\u00ed. Ta zaji\u0161\u0165uj\u00ed vy\u0161\u0161\u00ed ochranu proti vloup\u00e1n\u00ed a omezuj\u00ed hluk z okol\u00ed. Z&nbsp;tohoto energeticky \u00fasporn\u00e9ho syst\u00e9mu \u0161t\u00edhl\u00fdch tvar\u016f lze dokonce realizovat i velk\u00e9 prosklen\u00e9 plochy.<\/strong><\/p><ul><li>76 mm syst\u00e9m s v\u00edcekomorovou geometri\u00ed<\/li><li>Pom\u011br n\u00e1kladov\u00e9 a energetick\u00e9 efektivity v&nbsp;naprost\u00e9 rovnov\u00e1ze<\/li><li>Prvot\u0159\u00eddn\u00ed komfort bydlen\u00ed d\u00edky vynikaj\u00edc\u00ed tepeln\u00e9 izolaci a \u00fa\u010dinn\u00e9 zvukov\u00e9 izolaci<\/li><li>Vysok\u00e1 vodot\u011bsnost zamezuje proniknut\u00ed vlhkosti<\/li><li>Ochrana proti vloup\u00e1n\u00ed podle DIN EN 1627 a\u017e po t\u0159\u00eddu odolnosti RC 2 s p\u0159\u00edslu\u0161n\u00fdm kov\u00e1n\u00edm<\/li><li>V\u0161estrann\u011b pou\u017eiteln\u00fd u novostaveb i rekonstrukc\u00ed<\/li><li>Efektivn\u00ed tepeln\u00e1 izolace podle aktu\u00e1ln\u011b platn\u00fdch norem a p\u0159edpis\u016f, \u0161et\u0159\u00ed energie i n\u00e1klady na vyt\u00e1p\u011bn\u00ed a zaru\u010duje dlouhodobost Va\u0161i investice<\/li><li>Sou\u010dinitel prostupu tepla profilov\u00e9ho syst\u00e9mu: a\u017e do Uf = 1,0 W\/(m2K)<\/li><li>Sou\u010dinitel prostupu tepla pro cel\u00e9 okno: a\u017e do Uw = 0,75 W\/(m2K) [pro Uf = 1,0 W\/(m 2K), Ug = 0,5 W\/(m 2K), \u03c8g = 0,035 W\/(mK)]<\/li><\/ul><\/div>\r\n                        <\/div>\r\n\t\t\t\t\t<\/div>\r\n\t\t\t\t\t<div class=\"skt-builder-column skt-builder-menu-column skt-builder-menu-column-37\">\r\n                    \t<style>\r\n\t\t\t\t\t\t\t.skt-builder-menu-column-37 .skt-builder-menu-column-title a:hover{color: #84dcc6 !important;}\r\n\t\t\t\t\t\t<\/style>\r\n                    \t<div class=\"skt-builder-column-inner\">\r\n                        \t<a href=\"#\" ><img decoding=\"async\" class=\"skt-builder-menu-column-image\" src=\"http:\/\/www.montazemocek.cz\/wp-content\/uploads\/2023\/02\/SL82MD_300_400_72DPI_INTRO_36-2.png\"><\/a>\r\n                        \t<div class=\"skt-builder-menu-column-info\">\r\n                        \t\t<h3 class=\"skt-builder-menu-column-title\"><a href=\"#\" style=\"color: #282828;\" >Softline 82MD<\/a><\/h3>\r\n                                <span class=\"skt-builder-menu-column-price\" style=\"color: #9437fd;\"><\/span>\r\n                            <\/div>\r\n                            <div class=\"skt-builder-menu-column-description\" style=\"color: #808b98;\"><p><strong>St\u00e1le rostouc\u00ed n\u00e1klady na topen\u00ed vy\u017eaduj\u00ed inteligentn\u00ed \u0159e\u0161en\u00ed \u0161et\u0159\u00edc\u00ed energii: optimalizujte energetickou bilanci ka\u017ed\u00e9 budovy nejmodern\u011bj\u0161\u00edmi plastov\u00fdmi okny ze syst\u00e9mu profil\u016f<\/strong><\/p><p><strong> SOFTLINE 82MD. D\u00edky jedine\u010dn\u00e9 kombinaci inovativn\u00ed v\u00edcekomorov\u00e9 izola\u010dn\u00ed technologie s konstruk\u010dn\u00ed hloubkou 82 mm a vysoce efektivn\u00edho syst\u00e9mu st\u0159edov\u00e9ho t\u011bsn\u011bn\u00ed SOFTLINE 82MD umo\u017e\u0148uje efektivn\u011b \u0161et\u0159it n\u00e1klady na topen\u00ed za p\u0159\u00edjemn\u00e9ho klimatu v m\u00edstnosti \u2013 v ka\u017ed\u00e9 ro\u010dn\u00ed dob\u011b. V\u011bt\u0161\u00ed \u00faspory energie. Sni\u017ete sv\u00e9 n\u00e1klady na topen\u00ed: promy\u0161len\u00e1 v\u00edcekomorov\u00e1 konstrukce prop\u016fj\u010duje profil\u016fm SOFTLINE 82 velice n\u00edzkou hodnotu koeficientu prostupu tepla a sni\u017euje tak spot\u0159ebu energie. V\u011bt\u0161\u00ed bezpe\u010dnost. Okna musej\u00ed podle sv\u00e9 polohy a p\u0159\u00edstupnosti spl\u0148ovat nejr\u016fzn\u011bj\u0161\u00ed bezpe\u010dnostn\u00ed po\u017eadavky.<\/strong><\/p><p><strong> <\/strong><\/p><ul><li>Profilov\u00e1 s\u00e9rie: VEKA SOFTLINE 82 MD<\/li><li> \u010clen\u011bn\u00ed profilu: 7 komorov\u00fd r\u00e1m, 6 komorov\u00e9 k\u0159\u00eddlo<\/li><li> T\u011bsn\u011bn\u00ed: dv\u011b dorazov\u00e1, jedno st\u0159edov\u00e9<\/li><li> Stavebn\u00ed hloubka: 82 mm<\/li><li> V\u00fdztuha: pozinkovan\u00e1 ocelov\u00e1, v r\u00e1mu uzav\u0159en\u00e1<\/li><li> Kov\u00e1n\u00ed: Sigenia Titan AF s antikorozn\u00ed \u00fapravou<\/li><li> Tepeln\u00e1 prostupnost: <\/li><li>s izola\u010dn\u00edm trojsklem <\/li><li class=\"ql-indent-1\">Ug 0,5 W\/m2K Uw 0,73 W\/m2K (Uw 0,71W\/m\u00b2K)*<\/li><li class=\"ql-indent-1\">Ug 0,6 W\/m2K Uw 0,80 W\/m2K (Uw 0,78 W\/m\u00b2K)*<\/li><li class=\"ql-indent-1\">Ug 0,7 W\/m2K Uw 0,86 W\/m2K (Uw 0,85 W\/m\u00b2K)*<\/li><li> s izola\u010dn\u00edm dvojsklem Ug 1,1 W\/m2K Uw 1,1 W\/m2K<\/li><li> * Hodnota Uw p\u0159i pou\u017eit\u00ed p\u0159\u00edplatkov\u00e9ho meziskeln\u00edho<\/li><li> distan\u010dn\u00edho r\u00e1me\u010dku Swisspacer Ultimate<\/li><\/ul><\/div>\r\n                        <\/div>\r\n\t\t\t\t\t<\/div>\r\n\t\t\t<\/div>\r\n            <div class=\"skt-builder-block-column-button-wrap\" style=\"top: 53px;\"><a sty class=\"skt-builder-block-column-button\" href=\"\" ><\/a><\/div>\r\n\t\t<\/div>\r\n\t<\/div>\r\n<\/div><!-- sktbuilder starter --><script type=\"text\/javascript\" src=\"https:\/\/www.montazemocek.cz\/wp-content\/plugins\/skt-builder\/sktbuilder\/sktbuilder-frontend-starter.js\"><\/script><script type=\"text\/javascript\" src=\"https:\/\/www.montazemocek.cz\/wp-content\/plugins\/skt-builder\/sktbuilder-wordpress-driver.js\"><\/script><script type=\"text\/javascript\"> var starter = new SktbuilderStarter({\"mode\": \"prod\", \"skip\":[\"jquery\",\"underscore\",\"backbone\"],\"sktbuilderUrl\": \"https:\/\/www.montazemocek.cz\/wp-content\/plugins\/skt-builder\/sktbuilder\/\", \"driver\": new SktbuilderWordpressDriver({\"ajaxUrl\": \"https:\/\/www.montazemocek.cz\/wp-admin\/admin-ajax.php\", \"iframeUrl\": \"https:\/\/www.montazemocek.cz\/index.php\/veka\/?sktbuilder=true\", \"pageId\": 844,  \"nonce\": \"ab5cb73590\", \"pages\": [{\"title\":\"No title\",\"url\":\"https:\\\/\\\/www.montazemocek.cz\\\/wp-admin\\\/post.php?post=30&action=sktbuilder\"},{\"title\":\"Galerie\",\"url\":\"https:\\\/\\\/www.montazemocek.cz\\\/wp-admin\\\/post.php?post=127&action=sktbuilder\"},{\"title\":\"Okna a dve\\u0159e\",\"url\":\"https:\\\/\\\/www.montazemocek.cz\\\/wp-admin\\\/post.php?post=167&action=sktbuilder\"},{\"title\":\"O N\\u00c1S\",\"url\":\"https:\\\/\\\/www.montazemocek.cz\\\/wp-admin\\\/post.php?post=190&action=sktbuilder\"},{\"title\":\"No title\",\"url\":\"https:\\\/\\\/www.montazemocek.cz\\\/wp-admin\\\/post.php?post=256&action=sktbuilder\"}], \"page\": \"VEKA profil\" }) });<\/script><!-- end sktbuilder starter -->","protected":false},"excerpt":{"rendered":"<p>Plastov\u00e1 a plast-hlin\u00edkov\u00e1 okna a dve\u0159e VEKA Softline 76MD Syst\u00e9m SOFTLINE 76 jako nov\u00e1 generace profil\u016f t\u0159\u00eddy A od firmy VEKA spl\u0148uje v\u0161echny tyto po\u017eadavky. Tento profilov\u00fd syst\u00e9m se bez probl\u00e9m\u016f vypo\u0159\u00e1d\u00e1 sezasklen\u00edm a\u017e do 48 mm. Krom\u011b modern\u00edho trojskla, kter\u00e9 je z\u00e1rukou dosa\u017een\u00ed po\u017eadovan\u00fdch hodnot sou\u010dinitele prostupu tepla, je mo\u017en\u00e9 pou\u017e\u00edt i skla speci\u00e1ln\u00ed.<br \/><a class=\"moretag\" href=\"https:\/\/www.montazemocek.cz\/index.php\/veka\/\">+ Read More<\/a><\/p>\n","protected":false},"author":1,"featured_media":0,"parent":0,"menu_order":0,"comment_status":"closed","ping_status":"closed","template":"templates\/page-builder.php","meta":{"footnotes":""},"_links":{"self":[{"href":"https:\/\/www.montazemocek.cz\/index.php\/wp-json\/wp\/v2\/pages\/844"}],"collection":[{"href":"https:\/\/www.montazemocek.cz\/index.php\/wp-json\/wp\/v2\/pages"}],"about":[{"href":"https:\/\/www.montazemocek.cz\/index.php\/wp-json\/wp\/v2\/types\/page"}],"author":[{"embeddable":true,"href":"https:\/\/www.montazemocek.cz\/index.php\/wp-json\/wp\/v2\/users\/1"}],"replies":[{"embeddable":true,"href":"https:\/\/www.montazemocek.cz\/index.php\/wp-json\/wp\/v2\/comments?post=844"}],"version-history":[{"count":7,"href":"https:\/\/www.montazemocek.cz\/index.php\/wp-json\/wp\/v2\/pages\/844\/revisions"}],"predecessor-version":[{"id":859,"href":"https:\/\/www.montazemocek.cz\/index.php\/wp-json\/wp\/v2\/pages\/844\/revisions\/859"}],"wp:attachment":[{"href":"https:\/\/www.montazemocek.cz\/index.php\/wp-json\/wp\/v2\/media?parent=844"}],"curies":[{"name":"wp","href":"https:\/\/api.w.org\/{rel}","templated":true}]}}