{"id":765,"date":"2022-08-30T20:05:17","date_gmt":"2022-08-30T20:05:17","guid":{"rendered":"https:\/\/www.montazemocek.cz\/?page_id=765"},"modified":"2024-05-19T20:59:54","modified_gmt":"2024-05-19T20:59:54","slug":"interierove-dvere","status":"publish","type":"page","link":"https:\/\/www.montazemocek.cz\/index.php\/interierove-dvere\/","title":{"rendered":"Interi\u00e9rov\u00e9 dve\u0159e"},"content":{"rendered":"<div id=\"skt-builder-content-block-294\" class=\"skt-builder-block-wrapper skt-builder-content-block skt-builder-content-block-294\" style=\"background-color: #ffffff; background-image: url(); padding-bottom: 50px; padding-top: 60px; \">\r\n\t<div class=\"skt-builder-block-inner skt-builder-block-inner-294\" style=\"\">\r\n\t\t<div class=\"skt-builder-container\">\r\n        \t<style>\r\n            \t.skt-builder-content-block-294 .skt-builder-block-column-button{background-color: #ffffff; color: #ffffff;}\r\n\t\t\t\t.skt-builder-content-block-294 .skt-builder-block-column-button:hover{background-color: #282828; color: #ffffff;}\r\n            <\/style>\r\n\t\t\t\t<div class=\"skt-builder-block-title\">\r\n\t\t\t\t\t<h2 style=\"color: #282828; text-align: center;\">Interi\u00e9rov\u00e9 dve\u0159e<\/h2>\r\n\t\t\t\t<\/div>\r\n                <div class=\"skt-builder-block-description\"><p class=\"ql-align-center\"><br><\/p><\/div>\r\n            \r\n\t\t\t<div class=\"skt-builder-columns-row skt-builder-columns-row-2column\">\r\n            \t<div class=\"skt-builder-column\">\r\n                \t<img decoding=\"async\" class=\"skt-builder-content-block-column-image\" src=\"http:\/\/www.montazemocek.cz\/wp-content\/uploads\/2022\/08\/vertigo_56_solo-matrix_bergamo-1-2.png\">\r\n                    <h3 class=\"skt-builder-content-block-column-title\" style=\"color: #282828;\">Designov\u00e9 dve\u0159e pro V\u00e1\u0161 interi\u00e9r od \u010desk\u00e9ho v\u00fdrobce<\/h3>\r\n                    <div class=\"skt-builder-content-block-column-description\"><p><br><\/p><\/div>\r\n                    <a class=\"skt-builder-block-column-button\" href=\"\" ><\/a>\r\n                <\/div>\r\n                <div class=\"skt-builder-column\">\r\n                            <div class=\"skt-builder-content-column skt-builder-content-column-296\">\r\n                                <style>\r\n                                    .skt-builder-content-column-296 .skt-builder-content-column-title a:hover{color: #84dcc6 !important;}\r\n                                <\/style>\r\n                                <div class=\"skt-builder-column-inner\">\r\n                                    <a href=\"#\" ><img decoding=\"async\" class=\"skt-builder-content-column-image\" src=\"http:\/\/www.montazemocek.cz\/wp-content\/uploads\/2022\/08\/polar_7_lak_bily_sklo-satinato-1.png\"><\/a>\r\n                                    <div class=\"skt-builder-content-column-info\">\r\n                                        <h3 class=\"skt-builder-content-column-title\"><a href=\"#\" style=\"color: #282828;\" >Interi\u00e9rov\u00e9 dve\u0159e<\/a><\/h3>\r\n                                        <span class=\"skt-builder-content-column-price\" style=\"color: ;\"><\/span>\r\n                                    <\/div>\r\n                                    <div class=\"skt-builder-content-column-description\" style=\"color: #808b98;\"><ul><li>Pr\u00e9miov\u00e9 interi\u00e9rov\u00e9 dve\u0159e<\/li><li>Standardn\u00ed dve\u0159e<\/li><\/ul><\/div>\r\n                                <\/div>\r\n                            <\/div>\r\n                            <div class=\"skt-builder-content-column skt-builder-content-column-300\">\r\n                                <style>\r\n                                    .skt-builder-content-column-300 .skt-builder-content-column-title a:hover{color: #84dcc6 !important;}\r\n                                <\/style>\r\n                                <div class=\"skt-builder-column-inner\">\r\n                                    <a href=\"#\" ><img decoding=\"async\" class=\"skt-builder-content-column-image\" src=\"http:\/\/www.montazemocek.cz\/wp-content\/uploads\/2022\/08\/dv_bezpecnostni_solo-matrix-bergamo-1.png\"><\/a>\r\n                                    <div class=\"skt-builder-content-column-info\">\r\n                                        <h3 class=\"skt-builder-content-column-title\"><a href=\"#\" style=\"color: #282828;\" >Speci\u00e1ln\u00ed dve\u0159e<\/a><\/h3>\r\n                                        <span class=\"skt-builder-content-column-price\" style=\"color: ;\"><\/span>\r\n                                    <\/div>\r\n                                    <div class=\"skt-builder-content-column-description\" style=\"color: #808b98;\"><ul><li>Klima dve\u0159e<\/li><li>Protihlukov\u00e9 dve\u0159e<\/li><li>Kou\u0159ot\u011bsn\u00e9 dve\u0159e<\/li><li>Po\u017e\u00e1rn\u011b odoln\u00e9 a bezpe\u010dnostn\u00ed dve\u0159e<\/li><\/ul><\/div>\r\n                                <\/div>\r\n                            <\/div>\r\n                            <div class=\"skt-builder-content-column skt-builder-content-column-303\">\r\n                                <style>\r\n                                    .skt-builder-content-column-303 .skt-builder-content-column-title a:hover{color: #84dcc6 !important;}\r\n                                <\/style>\r\n                                <div class=\"skt-builder-column-inner\">\r\n                                    <a href=\"#\" ><img decoding=\"async\" class=\"skt-builder-content-column-image\" src=\"http:\/\/www.montazemocek.cz\/wp-content\/uploads\/2022\/08\/na.stenu_.jpg\"><\/a>\r\n                                    <div class=\"skt-builder-content-column-info\">\r\n                                        <h3 class=\"skt-builder-content-column-title\"><a href=\"#\" style=\"color: #282828;\" >Posuvn\u00e9 dve\u0159e<\/a><\/h3>\r\n                                        <span class=\"skt-builder-content-column-price\" style=\"color: ;\"><\/span>\r\n                                    <\/div>\r\n                                    <div class=\"skt-builder-content-column-description\" style=\"color: #808b98;\"><ul><li>Posuvn\u00e9 dve\u0159e do garn\u00fd\u017ee<\/li><li>Posuvn\u00e9 dve\u0159e do stavebn\u00edho pouzdra<\/li><li>posuvn\u00fd syst\u00e9m Patriot<\/li><\/ul><\/div>\r\n                                <\/div>\r\n                            <\/div>\r\n                            <div class=\"skt-builder-content-column skt-builder-content-column-306\">\r\n                                <style>\r\n                                    .skt-builder-content-column-306 .skt-builder-content-column-title a:hover{color: #84dcc6 !important;}\r\n                                <\/style>\r\n                                <div class=\"skt-builder-column-inner\">\r\n                                    <a href=\"#\" ><img decoding=\"async\" class=\"skt-builder-content-column-image\" src=\"http:\/\/www.montazemocek.cz\/wp-content\/uploads\/2022\/08\/standartni.zaruben2.jpg\"><\/a>\r\n                                    <div class=\"skt-builder-content-column-info\">\r\n                                        <h3 class=\"skt-builder-content-column-title\"><a href=\"#\" style=\"color: #282828;\" >Z\u00e1rubn\u011b<\/a><\/h3>\r\n                                        <span class=\"skt-builder-content-column-price\" style=\"color: ;\"><\/span>\r\n                                    <\/div>\r\n                                    <div class=\"skt-builder-content-column-description\" style=\"color: #808b98;\"><ul><li>Oblo\u017ekov\u00e9 z\u00e1rubn\u011b pro falcov\u00e9 i bezfalcov\u00e9 dve\u0159e<\/li><li>Obklad ocelov\u00e9 z\u00e1rubn\u011b<\/li><\/ul><\/div>\r\n                                <\/div>\r\n                            <\/div>\r\n                <\/div>\r\n            <\/div>\r\n\r\n\t\t<\/div>\r\n\t<\/div>\r\n<\/div><!-- sktbuilder starter --><script type=\"text\/javascript\" src=\"https:\/\/www.montazemocek.cz\/wp-content\/plugins\/skt-builder\/sktbuilder\/sktbuilder-frontend-starter.js\"><\/script><script type=\"text\/javascript\" src=\"https:\/\/www.montazemocek.cz\/wp-content\/plugins\/skt-builder\/sktbuilder-wordpress-driver.js\"><\/script><script type=\"text\/javascript\"> var starter = new SktbuilderStarter({\"mode\": \"prod\", \"skip\":[\"jquery\",\"underscore\",\"backbone\"],\"sktbuilderUrl\": \"https:\/\/www.montazemocek.cz\/wp-content\/plugins\/skt-builder\/sktbuilder\/\", \"driver\": new SktbuilderWordpressDriver({\"ajaxUrl\": \"https:\/\/www.montazemocek.cz\/wp-admin\/admin-ajax.php\", \"iframeUrl\": \"https:\/\/www.montazemocek.cz\/index.php\/interierove-dvere\/?sktbuilder=true\", \"pageId\": 765,  \"nonce\": \"ab5cb73590\", \"pages\": [{\"title\":\"No title\",\"url\":\"https:\\\/\\\/www.montazemocek.cz\\\/wp-admin\\\/post.php?post=30&action=sktbuilder\"},{\"title\":\"Galerie\",\"url\":\"https:\\\/\\\/www.montazemocek.cz\\\/wp-admin\\\/post.php?post=127&action=sktbuilder\"},{\"title\":\"Okna a dve\\u0159e\",\"url\":\"https:\\\/\\\/www.montazemocek.cz\\\/wp-admin\\\/post.php?post=167&action=sktbuilder\"},{\"title\":\"O N\\u00c1S\",\"url\":\"https:\\\/\\\/www.montazemocek.cz\\\/wp-admin\\\/post.php?post=190&action=sktbuilder\"},{\"title\":\"No title\",\"url\":\"https:\\\/\\\/www.montazemocek.cz\\\/wp-admin\\\/post.php?post=256&action=sktbuilder\"}], \"page\": \"Interi\u00e9rov\u00e9 dve\u0159e\" }) });<\/script><!-- end sktbuilder starter -->","protected":false},"excerpt":{"rendered":"<p>Interi\u00e9rov\u00e9 dve\u0159e Designov\u00e9 dve\u0159e pro V\u00e1\u0161 interi\u00e9r od \u010desk\u00e9ho v\u00fdrobce Interi\u00e9rov\u00e9 dve\u0159e Pr\u00e9miov\u00e9 interi\u00e9rov\u00e9 dve\u0159eStandardn\u00ed dve\u0159e Speci\u00e1ln\u00ed dve\u0159e Klima dve\u0159eProtihlukov\u00e9 dve\u0159eKou\u0159ot\u011bsn\u00e9 dve\u0159ePo\u017e\u00e1rn\u011b odoln\u00e9 a bezpe\u010dnostn\u00ed dve\u0159e Posuvn\u00e9 dve\u0159e Posuvn\u00e9 dve\u0159e do garn\u00fd\u017eePosuvn\u00e9 dve\u0159e do stavebn\u00edho pouzdraposuvn\u00fd syst\u00e9m Patriot Z\u00e1rubn\u011b Oblo\u017ekov\u00e9 z\u00e1rubn\u011b pro falcov\u00e9 i bezfalcov\u00e9 dve\u0159eObklad ocelov\u00e9 z\u00e1rubn\u011b<\/p>\n","protected":false},"author":1,"featured_media":0,"parent":0,"menu_order":0,"comment_status":"closed","ping_status":"closed","template":"templates\/page-builder.php","meta":{"footnotes":""},"_links":{"self":[{"href":"https:\/\/www.montazemocek.cz\/index.php\/wp-json\/wp\/v2\/pages\/765"}],"collection":[{"href":"https:\/\/www.montazemocek.cz\/index.php\/wp-json\/wp\/v2\/pages"}],"about":[{"href":"https:\/\/www.montazemocek.cz\/index.php\/wp-json\/wp\/v2\/types\/page"}],"author":[{"embeddable":true,"href":"https:\/\/www.montazemocek.cz\/index.php\/wp-json\/wp\/v2\/users\/1"}],"replies":[{"embeddable":true,"href":"https:\/\/www.montazemocek.cz\/index.php\/wp-json\/wp\/v2\/comments?post=765"}],"version-history":[{"count":13,"href":"https:\/\/www.montazemocek.cz\/index.php\/wp-json\/wp\/v2\/pages\/765\/revisions"}],"predecessor-version":[{"id":926,"href":"https:\/\/www.montazemocek.cz\/index.php\/wp-json\/wp\/v2\/pages\/765\/revisions\/926"}],"wp:attachment":[{"href":"https:\/\/www.montazemocek.cz\/index.php\/wp-json\/wp\/v2\/media?parent=765"}],"curies":[{"name":"wp","href":"https:\/\/api.w.org\/{rel}","templated":true}]}}