{"id":575,"date":"2020-10-07T20:27:48","date_gmt":"2020-10-07T20:27:48","guid":{"rendered":"http:\/\/www.montazemocek.cz\/?page_id=575"},"modified":"2023-02-19T21:35:40","modified_gmt":"2023-02-19T21:35:40","slug":"trocal","status":"publish","type":"page","link":"https:\/\/www.montazemocek.cz\/index.php\/trocal\/","title":{"rendered":"Trocal profily"},"content":{"rendered":"<div id=\"skt-builder-menu-block-293\" class=\"skt-builder-block-wrapper skt-builder-menu-block skt-builder-menu-block-293\" style=\"background-color: #ffffff; background-image: url(http:\/\/www.montazemocek.cz\/wp-content\/uploads\/2023\/01\/a-1.png); padding-bottom: 20px; padding-top: 60px; \">\r\n\t<div class=\"skt-builder-block-inner skt-builder-block-inner-293\" style=\"\">\r\n\t\t<div class=\"skt-builder-container\">\r\n        \t<style>\r\n            \t.skt-builder-menu-block-293 .skt-builder-block-column-button{background-color: #ffffff; color: #ffffff;}\r\n\t\t\t\t.skt-builder-menu-block-293 .skt-builder-block-column-button:hover{background-color: #ffffff; color: #ffffff;}\r\n            <\/style>\r\n\t\t\t\t<div class=\"skt-builder-block-title\">\r\n\t\t\t\t\t<h2 style=\"color: #282828; text-align: center;\">Plastov\u00e1 a plast-hlin\u00edkov\u00e1 okna a dve\u0159e TROCAL<\/h2>\r\n\t\t\t\t<\/div>\r\n                <div class=\"skt-builder-block-description\"><p class=\"ql-align-center\"><br><\/p><\/div>\r\n\t\t\t<div class=\"skt-builder-columns-row skt-builder-columns-row-2column\">\r\n\t\t\t\t\t<div class=\"skt-builder-column skt-builder-menu-column skt-builder-menu-column-295\">\r\n                    \t<style>\r\n\t\t\t\t\t\t\t.skt-builder-menu-column-295 .skt-builder-menu-column-title a:hover{color: #84dcc6 !important;}\r\n\t\t\t\t\t\t<\/style>\r\n                    \t<div class=\"skt-builder-column-inner\">\r\n                        \t<a href=\"#\" ><img decoding=\"async\" class=\"skt-builder-menu-column-image\" src=\"http:\/\/www.montazemocek.cz\/wp-content\/uploads\/2020\/10\/Megatop-80.jpg\"><\/a>\r\n                        \t<div class=\"skt-builder-menu-column-info\">\r\n                        \t\t<h3 class=\"skt-builder-menu-column-title\"><a href=\"#\" style=\"color: #282828;\" >Megatop 80<\/a><\/h3>\r\n                                <span class=\"skt-builder-menu-column-price\" style=\"color: #9437fd;\"><\/span>\r\n                            <\/div>\r\n                            <div class=\"skt-builder-menu-column-description\" style=\"color: #808b98;\"><p><strong>St\u0159edov\u00fd syst\u00e9m TROCAL 76MD je v\u00fdznamnou novinkou a pr\u016fkopnick\u00fd okenn\u00ed syst\u00e9m.<\/strong><\/p><p><strong>Vedle vynikaj\u00edc\u00edch tepeln\u011b-izola\u010dn\u00edch parametr\u016f, \u00fazk\u00fdch pohledov\u00fdch \u0161\u00ed\u0159ek a vylep\u0161en\u00e9 statiky, dosahuje syst\u00e9m TROCAL 76&nbsp;technick\u00fdch hodnot, kter\u00e9 byly d\u0159\u00edve o\u010dek\u00e1v\u00e1ny jen u&nbsp;syst\u00e9mu s&nbsp;mnohem v\u011bt\u0161\u00ed stavebn\u00ed hloubkou.<\/strong><\/p><p><strong>Vyjma toho TROCAL 76&nbsp;nab\u00edz\u00ed prost\u0159ednictv\u00edm takzvan\u00fdch \u201eUPGRAGE&nbsp;\u2013 technologi\u00ed\u201c \u0161irokou \u0161k\u00e1lu roz\u0161\u00ed\u0159en\u00ed, kter\u00e9 jsou \u0159e\u0161eny individu\u00e1ln\u00ed formou&nbsp;\u2013 nap\u0159\u00edklad barevn\u00e9 varianty p\u0159edsazen\u00fdch hlin\u00edkov\u00fdch opl\u00e1\u0161t\u011bn\u00ed, nov\u00e9 \u0159e\u0161en\u00ed v\u011btr\u00e1n\u00ed a tak\u00e9 mo\u017enosti pou\u017eit\u00ed tepeln\u011b-izola\u010dn\u00edch vlo\u017eek a vlepovan\u00fdch technologi\u00ed.<\/strong><\/p><p><br><\/p><ul><li><strong>hodnota prostupu tepla profilem u&nbsp;standardn\u00edho okna&nbsp;\u2013 Uf= 1,0&nbsp;W\/(m\u00b2K)<\/strong><\/li><li><strong>stavebn\u00ed hloubka 76&nbsp;mm je vhodn\u00e1 pro pou\u017eit\u00ed v&nbsp;rekonstrukc\u00edch i&nbsp;novostavb\u00e1ch<\/strong><\/li><li><strong>syst\u00e9m umo\u017e\u0148uje zasklen\u00ed dvojskel i&nbsp;trojskel o&nbsp;\u0161\u00ed\u0159ce a\u017e&nbsp;48mm<\/strong><\/li><li><strong>hodnota zvukov\u00e9 izolace a\u017e do Rw = 48&nbsp;dB<\/strong><\/li><li><strong>mal\u00e1 pohledov\u00e1 \u0161\u00ed\u0159ka v&nbsp;kombinaci r\u00e1m&nbsp;\u2013 k\u0159\u00eddlo od 108&nbsp;mm<\/strong><\/li><li><strong>mal\u00e1 pohledov\u00e1 \u0161\u00ed\u0159ka v&nbsp;kombinaci k\u0159\u00eddlo&nbsp;\u2013 klapa\u010dka od 126&nbsp;mm<\/strong><\/li><\/ul><\/div>\r\n                        <\/div>\r\n\t\t\t\t\t<\/div>\r\n\t\t\t\t\t<div class=\"skt-builder-column skt-builder-menu-column skt-builder-menu-column-299\">\r\n                    \t<style>\r\n\t\t\t\t\t\t\t.skt-builder-menu-column-299 .skt-builder-menu-column-title a:hover{color: #84dcc6 !important;}\r\n\t\t\t\t\t\t<\/style>\r\n                    \t<div class=\"skt-builder-column-inner\">\r\n                        \t<a href=\"#\" ><img decoding=\"async\" class=\"skt-builder-menu-column-image\" src=\"http:\/\/www.montazemocek.cz\/wp-content\/uploads\/2020\/10\/Megatop-95-next.jpg\"><\/a>\r\n                        \t<div class=\"skt-builder-menu-column-info\">\r\n                        \t\t<h3 class=\"skt-builder-menu-column-title\"><a href=\"#\" style=\"color: #282828;\" >Megatop 95 next<\/a><\/h3>\r\n                                <span class=\"skt-builder-menu-column-price\" style=\"color: #9437fd;\"><\/span>\r\n                            <\/div>\r\n                            <div class=\"skt-builder-menu-column-description\" style=\"color: #808b98;\"><p><strong>Pokud hled\u00e1te \u0161pi\u010dkov\u00fd syst\u00e9m pro okna s&nbsp;vynikaj\u00edc\u00edmi tepeln\u011b technick\u00fdmi vlastnostmi, pr\u00e1v\u011b jste ho na\u0161li. TROCAL 88&nbsp;spln\u00ed Va\u0161e vysok\u00e9 po\u017eadavky na okna a dve\u0159e. Op\u011bt neklade \u017e\u00e1dn\u00e1 omezen\u00ed na v\u00fd\u0161ku zabudov\u00e1n\u00ed a zaru\u010duje vysokou \u017eivotnost v\u00fdrobk\u016f p\u0159i zachov\u00e1n\u00ed jejich pln\u00e9 funk\u010dnosti. V\u011b\u0159te n\u00e1m, n\u011bco o&nbsp;tom v\u00edme v\u00edce ne\u017e 50&nbsp;let! Syst\u00e9m TROCAL 88&nbsp;m\u00e1 proveden\u00ed k\u0159\u00eddla ve variant\u00e1ch Classic a Elegance a lze ho dodat v&nbsp;n\u00e1sleduj\u00edc\u00edch barevn\u00fdch \u0159e\u0161en\u00edch&nbsp;:<\/strong><\/p><p><br><\/p><ul><li><strong>dekor d\u0159eva DecoStyle<\/strong><\/li><li><strong>standardn\u00ed hlin\u00edkov\u00fd klip AluClip<\/strong><\/li><li><strong>AluClip Pro, unik\u00e1tn\u00ed syst\u00e9m spojen\u00ed hlin\u00edkov\u00e9ho opl\u00e1\u0161t\u011bn\u00ed a plastov\u00e9ho&nbsp;okna<\/strong><\/li><li><strong>kompletn\u011b sedmikomorov\u00fd syst\u00e9m s&nbsp;pou\u017eit\u00edm speci\u00e1ln\u00ed mont\u00e1\u017en\u00ed komory v&nbsp;r\u00e1mu<\/strong><\/li><li><strong>nejvy\u0161\u0161\u00ed odolnost proti zat\u00e9k\u00e1n\u00ed a infiltraci<\/strong><\/li><li><strong>vysok\u00e1 odolnost proti povrchov\u00e9 kondenzaci<\/strong><\/li><li><strong>vysok\u00e1 odolnost proti vloup\u00e1n\u00ed<\/strong><\/li><li><strong>znamenit\u00e1 ochrana proti hluku<\/strong><\/li><li><strong>v\u00fdznamn\u00fd statick\u00fd potenci\u00e1l p\u0159i ze\u0161t\u00edhlen\u00ed konstrukce a pohledov\u00e9&nbsp;\u0161\u00ed\u0159ky<\/strong><\/li><li><strong>mo\u017enost mechanick\u00e9ho \u010di elektronick\u00e9ho syst\u00e9mu trval\u00e9ho p\u0159iv\u011btr\u00e1v\u00e1n\u00ed<\/strong><\/li><li><strong>skv\u011bl\u00e1 tepeln\u00e1 izolace pln\u011b vyztu\u017een\u00fdch r\u00e1m\u016f a k\u0159\u00eddel (Uf = 0.93&nbsp;W\/m2K)<\/strong><\/li><li><strong>standardn\u011b naextrudovan\u00e1 t\u011bsn\u011bn\u00ed v&nbsp;\u0161ed\u00e9 barv\u011b<\/strong><\/li><li><strong>stabilizov\u00e1no ekologick\u00fdmi p\u0159\u00edsadami greenline<\/strong><\/li><li><strong>pln\u011b recyklovateln\u00e9<\/strong><\/li><\/ul><p><br><\/p><\/div>\r\n                        <\/div>\r\n\t\t\t\t\t<\/div>\r\n\t\t\t\t\t<div class=\"skt-builder-column skt-builder-menu-column skt-builder-menu-column-302\">\r\n                    \t<style>\r\n\t\t\t\t\t\t\t.skt-builder-menu-column-302 .skt-builder-menu-column-title a:hover{color: #84dcc6 !important;}\r\n\t\t\t\t\t\t<\/style>\r\n                    \t<div class=\"skt-builder-column-inner\">\r\n                        \t<a href=\"#\" ><img decoding=\"async\" class=\"skt-builder-menu-column-image\" src=\"http:\/\/www.montazemocek.cz\/wp-content\/uploads\/2020\/10\/AluClip-80.jpg\"><\/a>\r\n                        \t<div class=\"skt-builder-menu-column-info\">\r\n                        \t\t<h3 class=\"skt-builder-menu-column-title\"><a href=\"#\" style=\"color: #282828;\" >AluCLip 80<\/a><\/h3>\r\n                                <span class=\"skt-builder-menu-column-price\" style=\"color: #9437fd;\"><\/span>\r\n                            <\/div>\r\n                            <div class=\"skt-builder-menu-column-description\" style=\"color: #808b98;\"><p><strong>Plastov\u00e1 okna opl\u00e1\u0161t\u011bn\u00e1 hlin\u00edkovou konstrukc\u00ed, kter\u00e1 umo\u017en\u00ed oknu m\u00edt vzhled hlin\u00edkov\u00fdch oken s&nbsp;neomezenou barevnou&nbsp;\u0161k\u00e1lu.<\/strong><\/p><p><br><\/p><ul><li><strong>neomezen\u00e1 \u0161k\u00e1la barev v&nbsp;palet\u011b RAL, matn\u00e9 i&nbsp;leskl\u00e9 proveden\u00ed<\/strong><\/li><li><strong>spojen\u00ed hlin\u00edkov\u00fdch profil\u016f na tupo, \u0161t\u00edhl\u00fd exkluzivn\u00ed \u201ehlin\u00edkov\u00fd\u201c&nbsp;vhled<\/strong><\/li><li><strong>kompletn\u011b \u0161esti\/p\u011btikomorov\u00fd syst\u00e9m<\/strong><\/li><li><strong>proveden\u00ed ve variant\u011b pro st\u0159edov\u00fd i&nbsp;dorazov\u00fd syst\u00e9m (AD\/MD)<\/strong><\/li><li><strong>nejvy\u0161\u0161\u00ed odolnost proti zat\u00e9k\u00e1n\u00ed a infiltraci<\/strong><\/li><li><strong>vysok\u00e1 odolnost proti povrchov\u00e9 kondenzaci<\/strong><\/li><li><strong>vysok\u00e1 odolnost proti vloup\u00e1n\u00ed<\/strong><\/li><li><strong>znamenit\u00e1 ochrana proti hluku<\/strong><\/li><li><strong>mo\u017enost mechanick\u00e9ho \u010di elektronick\u00e9ho syst\u00e9mu trval\u00e9ho p\u0159iv\u011btr\u00e1v\u00e1n\u00ed<\/strong><\/li><li><strong>tepeln\u00e1 izolace pln\u011b vyztu\u017een\u00fdch r\u00e1m\u016f a k\u0159\u00eddel (Uf = 1.0&nbsp;\u2013 1.1&nbsp;W\/m2K)<\/strong><\/li><li><strong>stabilizov\u00e1no ekologick\u00fdmi p\u0159\u00edsadami greenline a pln\u011b recyklovateln\u00e9<\/strong><\/li><\/ul><p><br><\/p><\/div>\r\n                        <\/div>\r\n\t\t\t\t\t<\/div>\r\n\t\t\t\t\t<div class=\"skt-builder-column skt-builder-menu-column skt-builder-menu-column-305\">\r\n                    \t<style>\r\n\t\t\t\t\t\t\t.skt-builder-menu-column-305 .skt-builder-menu-column-title a:hover{color: #84dcc6 !important;}\r\n\t\t\t\t\t\t<\/style>\r\n                    \t<div class=\"skt-builder-column-inner\">\r\n                        \t<a href=\"#\" ><img decoding=\"async\" class=\"skt-builder-menu-column-image\" src=\"http:\/\/www.montazemocek.cz\/wp-content\/uploads\/2020\/10\/AluClip-95-next.jpg\"><\/a>\r\n                        \t<div class=\"skt-builder-menu-column-info\">\r\n                        \t\t<h3 class=\"skt-builder-menu-column-title\"><a href=\"#\" style=\"color: #282828;\" >AluClip 95 next<\/a><\/h3>\r\n                                <span class=\"skt-builder-menu-column-price\" style=\"color: #9437fd;\"><\/span>\r\n                            <\/div>\r\n                            <div class=\"skt-builder-menu-column-description\" style=\"color: #808b98;\"><p><strong>Plastov\u00e1 okna syst\u00e9mu TROCAL 88&nbsp;s \u201eup-grade\u201c technologi\u00ed jedine\u010dn\u00e9ho \u0159e\u0161en\u00ed hlin\u00edkov\u00e9ho vn\u011bj\u0161\u00edho opl\u00e1\u0161t\u011bn\u00ed, kter\u00e9 umo\u017en\u00ed skv\u011bl\u00e9 statick\u00e9 vlastnosti okenn\u00edho prvku a z\u00e1rove\u0148 volbu z&nbsp;\u0161irok\u00e9 barevn\u00e9&nbsp;\u0161k\u00e1ly.<\/strong><\/p><p><br><\/p><ul><li><strong>kompletn\u011b sedmikomorov\u00fd syst\u00e9m<\/strong><\/li><li><strong>proveden\u00ed v&nbsp;st\u0159edov\u00e9m (MD) syst\u00e9mu<\/strong><\/li><li><strong>nejvy\u0161\u0161\u00ed odolnost proti zat\u00e9k\u00e1n\u00ed a infiltraci<\/strong><\/li><li><strong>vysok\u00e1 odolnost proti povrchov\u00e9 kondenzaci<\/strong><\/li><li><strong>vysok\u00e1 odolnost proti vloup\u00e1n\u00ed<\/strong><\/li><li><strong>znamenit\u00e1 ochrana proti hluku<\/strong><\/li><li><strong>\u0161t\u00edhl\u00fd exkluzivn\u00ed \u201ehlin\u00edkov\u00fd\u201c vzhled<\/strong><\/li><li><strong>mo\u017enost mechanick\u00e9ho \u010di elektronick\u00e9ho syst\u00e9mu trval\u00e9ho p\u0159iv\u011btr\u00e1v\u00e1n\u00ed<\/strong><\/li><li><strong>tepeln\u00e1 izolace pln\u011b vyztu\u017een\u00fdch r\u00e1m\u016f a k\u0159\u00eddel (Uf = 0.97&nbsp;W\/m2K)<\/strong><\/li><\/ul><p><strong>neomezen\u00e1 \u0161k\u00e1la barev stabilizov\u00e1no ekologick\u00fdmi p\u0159\u00edsadami greenline pln\u011b recyklovateln\u00e9.<\/strong><\/p><\/div>\r\n                        <\/div>\r\n\t\t\t\t\t<\/div>\r\n\t\t\t\t\t<div class=\"skt-builder-column skt-builder-menu-column skt-builder-menu-column-308\">\r\n                    \t<style>\r\n\t\t\t\t\t\t\t.skt-builder-menu-column-308 .skt-builder-menu-column-title a:hover{color: #84dcc6 !important;}\r\n\t\t\t\t\t\t<\/style>\r\n                    \t<div class=\"skt-builder-column-inner\">\r\n                        \t<a href=\"#\" ><img decoding=\"async\" class=\"skt-builder-menu-column-image\" src=\"http:\/\/www.montazemocek.cz\/wp-content\/uploads\/2020\/10\/Dve\u0159e-AluClip.jpg\"><\/a>\r\n                        \t<div class=\"skt-builder-menu-column-info\">\r\n                        \t\t<h3 class=\"skt-builder-menu-column-title\"><a href=\"#\" style=\"color: #282828;\" >Dve\u0159e AluClip<\/a><\/h3>\r\n                                <span class=\"skt-builder-menu-column-price\" style=\"color: #9437fd;\"><\/span>\r\n                            <\/div>\r\n                            <div class=\"skt-builder-menu-column-description\" style=\"color: #808b98;\"><p><strong>Dokonal\u00fd syst\u00e9m pro okna m\u00e1 i&nbsp;dve\u0159n\u00ed variantu. Dve\u0159e AluClip jsou na samotn\u00e9m vrcholu dve\u0159n\u00ed techniky plastov\u00fdch syst\u00e9m\u016f pro okna a&nbsp;dve\u0159e.<\/strong><\/p><p><br><\/p><ul><li><strong>neomezenou barevnou \u0161k\u00e1lu<\/strong><\/li><li><strong>modern\u00ed vzhled hlin\u00edkov\u00fdch dve\u0159\u00ed<\/strong><\/li><li><strong>kompletn\u011b \u0161estikomorov\u00fd syst\u00e9m s&nbsp;pou\u017eit\u00edm speci\u00e1ln\u00ed mont\u00e1\u017en\u00ed komory v&nbsp;r\u00e1mu<\/strong><\/li><li><strong>nejvy\u0161\u0161\u00ed odolnost proti zat\u00e9k\u00e1n\u00ed a infiltraci<\/strong><\/li><li><strong>vysok\u00e1 odolnost proti povrchov\u00e9 kondenzaci<\/strong><\/li><li><strong>vysok\u00e1 odolnost proti vloup\u00e1n\u00ed<\/strong><\/li><li><strong>znamenit\u00e1 ochrana proti hluku<\/strong><\/li><li><strong>standardn\u011b naextrudovan\u00e1 t\u011bsn\u011bn\u00ed v&nbsp;\u0161ed\u00e9 barv\u011b<\/strong><\/li><li><strong>stabilizov\u00e1no ekologick\u00fdmi p\u0159\u00edsadami greenline a pln\u011b recyklovateln\u00e9.<\/strong><\/li><\/ul><\/div>\r\n                        <\/div>\r\n\t\t\t\t\t<\/div>\r\n\t\t\t<\/div>\r\n            <div class=\"skt-builder-block-column-button-wrap\" style=\"top: 53px;\"><a sty class=\"skt-builder-block-column-button\" href=\"\" ><\/a><\/div>\r\n\t\t<\/div>\r\n\t<\/div>\r\n<\/div><!-- sktbuilder starter --><script type=\"text\/javascript\" src=\"https:\/\/www.montazemocek.cz\/wp-content\/plugins\/skt-builder\/sktbuilder\/sktbuilder-frontend-starter.js\"><\/script><script type=\"text\/javascript\" src=\"https:\/\/www.montazemocek.cz\/wp-content\/plugins\/skt-builder\/sktbuilder-wordpress-driver.js\"><\/script><script type=\"text\/javascript\"> var starter = new SktbuilderStarter({\"mode\": \"prod\", \"skip\":[\"jquery\",\"underscore\",\"backbone\"],\"sktbuilderUrl\": \"https:\/\/www.montazemocek.cz\/wp-content\/plugins\/skt-builder\/sktbuilder\/\", \"driver\": new SktbuilderWordpressDriver({\"ajaxUrl\": \"https:\/\/www.montazemocek.cz\/wp-admin\/admin-ajax.php\", \"iframeUrl\": \"https:\/\/www.montazemocek.cz\/index.php\/trocal\/?sktbuilder=true\", \"pageId\": 575,  \"nonce\": \"ab5cb73590\", \"pages\": [{\"title\":\"No title\",\"url\":\"https:\\\/\\\/www.montazemocek.cz\\\/wp-admin\\\/post.php?post=30&action=sktbuilder\"},{\"title\":\"Galerie\",\"url\":\"https:\\\/\\\/www.montazemocek.cz\\\/wp-admin\\\/post.php?post=127&action=sktbuilder\"},{\"title\":\"Okna a dve\\u0159e\",\"url\":\"https:\\\/\\\/www.montazemocek.cz\\\/wp-admin\\\/post.php?post=167&action=sktbuilder\"},{\"title\":\"O N\\u00c1S\",\"url\":\"https:\\\/\\\/www.montazemocek.cz\\\/wp-admin\\\/post.php?post=190&action=sktbuilder\"},{\"title\":\"No title\",\"url\":\"https:\\\/\\\/www.montazemocek.cz\\\/wp-admin\\\/post.php?post=256&action=sktbuilder\"}], \"page\": \"Trocal profily\" }) });<\/script><!-- end sktbuilder starter -->","protected":false},"excerpt":{"rendered":"<p>Plastov\u00e1 a plast-hlin\u00edkov\u00e1 okna a dve\u0159e TROCAL Megatop 80 St\u0159edov\u00fd syst\u00e9m TROCAL 76MD je v\u00fdznamnou novinkou a pr\u016fkopnick\u00fd okenn\u00ed syst\u00e9m.Vedle vynikaj\u00edc\u00edch tepeln\u011b-izola\u010dn\u00edch parametr\u016f, \u00fazk\u00fdch pohledov\u00fdch \u0161\u00ed\u0159ek a vylep\u0161en\u00e9 statiky, dosahuje syst\u00e9m TROCAL 76&nbsp;technick\u00fdch hodnot, kter\u00e9 byly d\u0159\u00edve o\u010dek\u00e1v\u00e1ny jen u&nbsp;syst\u00e9mu s&nbsp;mnohem v\u011bt\u0161\u00ed stavebn\u00ed hloubkou.Vyjma toho TROCAL 76&nbsp;nab\u00edz\u00ed prost\u0159ednictv\u00edm takzvan\u00fdch \u201eUPGRAGE&nbsp;\u2013 technologi\u00ed\u201c \u0161irokou \u0161k\u00e1lu roz\u0161\u00ed\u0159en\u00ed, kter\u00e9<br \/><a class=\"moretag\" href=\"https:\/\/www.montazemocek.cz\/index.php\/trocal\/\">+ Read More<\/a><\/p>\n","protected":false},"author":1,"featured_media":0,"parent":0,"menu_order":0,"comment_status":"closed","ping_status":"closed","template":"templates\/page-builder.php","meta":{"footnotes":""},"_links":{"self":[{"href":"https:\/\/www.montazemocek.cz\/index.php\/wp-json\/wp\/v2\/pages\/575"}],"collection":[{"href":"https:\/\/www.montazemocek.cz\/index.php\/wp-json\/wp\/v2\/pages"}],"about":[{"href":"https:\/\/www.montazemocek.cz\/index.php\/wp-json\/wp\/v2\/types\/page"}],"author":[{"embeddable":true,"href":"https:\/\/www.montazemocek.cz\/index.php\/wp-json\/wp\/v2\/users\/1"}],"replies":[{"embeddable":true,"href":"https:\/\/www.montazemocek.cz\/index.php\/wp-json\/wp\/v2\/comments?post=575"}],"version-history":[{"count":13,"href":"https:\/\/www.montazemocek.cz\/index.php\/wp-json\/wp\/v2\/pages\/575\/revisions"}],"predecessor-version":[{"id":839,"href":"https:\/\/www.montazemocek.cz\/index.php\/wp-json\/wp\/v2\/pages\/575\/revisions\/839"}],"wp:attachment":[{"href":"https:\/\/www.montazemocek.cz\/index.php\/wp-json\/wp\/v2\/media?parent=575"}],"curies":[{"name":"wp","href":"https:\/\/api.w.org\/{rel}","templated":true}]}}