{"id":190,"date":"2019-02-16T22:30:06","date_gmt":"2019-02-16T22:30:06","guid":{"rendered":"http:\/\/www.montazemocek.cz\/?page_id=190"},"modified":"2024-05-23T23:17:33","modified_gmt":"2024-05-23T23:17:33","slug":"o-nas","status":"publish","type":"page","link":"https:\/\/www.montazemocek.cz\/index.php\/o-nas\/","title":{"rendered":"O N\u00c1S"},"content":{"rendered":"<div id=\"skt-builder-image-text-block-31\" class=\"skt-builder-block-wrapper skt-builder-image-text-block skt-builder-image-text-block-31\" style=\"background-color: #ffffff; background-image: url(); padding-bottom: 36px; padding-top: 201px; \">\r\n\t<div class=\"skt-builder-block-inner skt-builder-block-inner-31\" style=\"\">\r\n\t\t<div class=\"skt-builder-container\">\r\n\t\t\t<div class=\"skt-builder-columns-row skt-builder-columns-row-2column\">\r\n\t\t\t\t\t<div class=\"skt-builder-column\">\r\n\t\t\t\t\t\t\t<div class=\"skt-builder-block-title\">\r\n\t\t\t\t\t\t\t\t<h2 style=\"color: #282828; text-align: center;\">O n\u00e1s<\/h2>\r\n\t\t\t\t\t\t\t<\/div>\r\n\t\t\t\t\t\t\t<div class=\"skt-builder-column-inner\"><p><em>\ufeffV oblasti prodeje a mont\u00e1\u017e\u00ed otvorov\u00fdch v\u00fdpln\u00ed p\u016fsob\u00edme od roku 2003. Na\u0161e t\u0159i mont\u00e1\u017en\u00ed \u010dety v roce 2019 doplnila divize pro manipulaci s nadm\u011brn\u011b velk\u00fdm a t\u011b\u017ek\u00fdm sklem. Dok\u00e1\u017eeme si poradit a\u017e se 600kg t\u011b\u017ek\u00fdmi prvky. <\/em><\/p><p><br><\/p><p><em>Na\u0161e technika pro mont\u00e1\u017en\u00ed pr\u00e1ce a v\u00fdkopov\u00e9 pr\u00e1ce: W\u00fcrth, Hilti, Wacker Neuson<\/em><\/p><p><em>Na\u0161e technika pro manipulaci se sklem: Uplifter, Palfinger<\/em><\/p><\/div>\r\n\t\t\t\t\t<\/div>\r\n\t\t\t\t\t<div class=\"skt-builder-column\">\r\n\t\t\t\t\t\t\t<div class=\"skt-builder-column-inner\"><img decoding=\"async\" src=\"https:\/\/www.montazemocek.cz\/wp-content\/uploads\/2024\/05\/PHOTO-2024-05-20-00-31-23.jpg\"><\/div>\r\n\t\t\t\t\t<\/div>\r\n\t\t\t<\/div>\r\n\t\t<\/div>\r\n\t<\/div>\r\n<\/div><!-- sktbuilder starter --><script type=\"text\/javascript\" src=\"https:\/\/www.montazemocek.cz\/wp-content\/plugins\/skt-builder\/sktbuilder\/sktbuilder-frontend-starter.js\"><\/script><script type=\"text\/javascript\" src=\"https:\/\/www.montazemocek.cz\/wp-content\/plugins\/skt-builder\/sktbuilder-wordpress-driver.js\"><\/script><script type=\"text\/javascript\"> var starter = new SktbuilderStarter({\"mode\": \"prod\", \"skip\":[\"jquery\",\"underscore\",\"backbone\"],\"sktbuilderUrl\": \"https:\/\/www.montazemocek.cz\/wp-content\/plugins\/skt-builder\/sktbuilder\/\", \"driver\": new SktbuilderWordpressDriver({\"ajaxUrl\": \"https:\/\/www.montazemocek.cz\/wp-admin\/admin-ajax.php\", \"iframeUrl\": \"https:\/\/www.montazemocek.cz\/index.php\/o-nas\/?sktbuilder=true\", \"pageId\": 190,  \"nonce\": \"ab5cb73590\", \"pages\": [{\"title\":\"No title\",\"url\":\"https:\\\/\\\/www.montazemocek.cz\\\/wp-admin\\\/post.php?post=30&action=sktbuilder\"},{\"title\":\"Galerie\",\"url\":\"https:\\\/\\\/www.montazemocek.cz\\\/wp-admin\\\/post.php?post=127&action=sktbuilder\"},{\"title\":\"Okna a dve\\u0159e\",\"url\":\"https:\\\/\\\/www.montazemocek.cz\\\/wp-admin\\\/post.php?post=167&action=sktbuilder\"},{\"title\":\"No title\",\"url\":\"https:\\\/\\\/www.montazemocek.cz\\\/wp-admin\\\/post.php?post=256&action=sktbuilder\"}], \"page\": \"O N\u00c1S\" }) });<\/script><!-- end sktbuilder starter -->","protected":false},"excerpt":{"rendered":"<p>O n\u00e1s \ufeffV oblasti prodeje a mont\u00e1\u017e\u00ed otvorov\u00fdch v\u00fdpln\u00ed p\u016fsob\u00edme od roku 2003. Na\u0161e t\u0159i mont\u00e1\u017en\u00ed \u010dety v roce 2019 doplnila divize pro manipulaci s nadm\u011brn\u011b velk\u00fdm a t\u011b\u017ek\u00fdm sklem. Dok\u00e1\u017eeme si poradit a\u017e se 600kg t\u011b\u017ek\u00fdmi prvky. Na\u0161e technika pro mont\u00e1\u017en\u00ed pr\u00e1ce a v\u00fdkopov\u00e9 pr\u00e1ce: W\u00fcrth, Hilti, Wacker NeusonNa\u0161e technika pro manipulaci se sklem:<br \/><a class=\"moretag\" href=\"https:\/\/www.montazemocek.cz\/index.php\/o-nas\/\">+ Read More<\/a><\/p>\n","protected":false},"author":1,"featured_media":0,"parent":0,"menu_order":0,"comment_status":"closed","ping_status":"closed","template":"templates\/page-builder.php","meta":{"footnotes":""},"_links":{"self":[{"href":"https:\/\/www.montazemocek.cz\/index.php\/wp-json\/wp\/v2\/pages\/190"}],"collection":[{"href":"https:\/\/www.montazemocek.cz\/index.php\/wp-json\/wp\/v2\/pages"}],"about":[{"href":"https:\/\/www.montazemocek.cz\/index.php\/wp-json\/wp\/v2\/types\/page"}],"author":[{"embeddable":true,"href":"https:\/\/www.montazemocek.cz\/index.php\/wp-json\/wp\/v2\/users\/1"}],"replies":[{"embeddable":true,"href":"https:\/\/www.montazemocek.cz\/index.php\/wp-json\/wp\/v2\/comments?post=190"}],"version-history":[{"count":26,"href":"https:\/\/www.montazemocek.cz\/index.php\/wp-json\/wp\/v2\/pages\/190\/revisions"}],"predecessor-version":[{"id":1094,"href":"https:\/\/www.montazemocek.cz\/index.php\/wp-json\/wp\/v2\/pages\/190\/revisions\/1094"}],"wp:attachment":[{"href":"https:\/\/www.montazemocek.cz\/index.php\/wp-json\/wp\/v2\/media?parent=190"}],"curies":[{"name":"wp","href":"https:\/\/api.w.org\/{rel}","templated":true}]}}