{"id":167,"date":"2019-02-16T21:32:26","date_gmt":"2019-02-16T21:32:26","guid":{"rendered":"http:\/\/www.montazemocek.cz\/?page_id=167"},"modified":"2023-02-23T20:30:18","modified_gmt":"2023-02-23T20:30:18","slug":"co-umime","status":"publish","type":"page","link":"https:\/\/www.montazemocek.cz\/index.php\/co-umime\/","title":{"rendered":"Okna a dve\u0159e"},"content":{"rendered":"<div id=\"skt-builder-image-text-block-31\" class=\"skt-builder-block-wrapper skt-builder-image-text-block skt-builder-image-text-block-31\" style=\"background-color: #ffffff; background-image: url(http:\/\/www.montazemocek.cz\/wp-content\/uploads\/2023\/01\/a-3.png); padding-bottom: 50px; padding-top: 60px; \">\r\n\t<div class=\"skt-builder-block-inner skt-builder-block-inner-31\" style=\"\">\r\n\t\t<div class=\"skt-builder-container\">\r\n\t\t\t<div class=\"skt-builder-columns-row skt-builder-columns-row-2column\">\r\n\t\t\t\t\t<div class=\"skt-builder-column\">\r\n\t\t\t\t\t\t\t<div class=\"skt-builder-column-inner\"><img decoding=\"async\" src=\"http:\/\/www.montazemocek.cz\/wp-content\/uploads\/2023\/02\/Trocal-76.jpg\"><\/div>\r\n\t\t\t\t\t<\/div>\r\n\t\t\t\t\t<div class=\"skt-builder-column\">\r\n\t\t\t\t\t\t\t<div class=\"skt-builder-block-title\">\r\n\t\t\t\t\t\t\t\t<h2 style=\"color: #282828; text-align: left;\">TROCAL profil<\/h2>\r\n\t\t\t\t\t\t\t<\/div>\r\n\t\t\t\t\t\t\t<div class=\"skt-builder-column-inner\"><p><strong>Kvalitn\u00ed okna TROCAL s n\u011bmeck\u00fdm i \u010desk\u00fdm certifik\u00e1tem<\/strong><\/p><p><strong>N\u011bmeck\u00fd profil TROCAL spl\u0148uje \u010desk\u00e9 i evropsk\u00e9 normy, co\u017e lze jednodu\u0161e dolo\u017eit certifik\u00e1ty kvality.<\/strong><\/p><p><strong>Plastov\u00e1 okna TROCAL byla certifikov\u00e1na n\u011bmeckou zku\u0161ebnou ift Rosenheim<\/strong>, co\u017e je spole\u010dnost mezin\u00e1rodn\u011b uzn\u00e1van\u00e1 jako <strong>zku\u0161ebn\u00ed \u00fastavu specializuj\u00edc\u00ed se na hodnocen\u00ed vhodnosti pou\u017eit\u00ed stavebn\u00edch v\u00fdrobk\u016f<\/strong>.<\/p><p><strong>ift Rosenheim<\/strong> prov\u00e1d\u00ed testov\u00e1n\u00ed oken podle EN 14351-1, fas\u00e1d podle normy EN 13830, stavebn\u00ed materi\u00e1l\u016f a skla, jako\u017e i po\u017e\u00e1rn\u00edch bezpe\u010dnostn\u00edch zkou\u0161ek dle EN 16034.<\/p><p><br><\/p><p><br><\/p><p>V\u00edce o jednotliv\u00fdch profilech naleznete <a href=\"https:\/\/www.montazemocek.cz\/index.php\/trocal\/\" target=\"_blank\" rel=\"noopener\"><u>ZDE<span class=\"ql-cursor\">\ufeff<\/span><\/u><\/a>. <\/p><p><br><\/p><\/div>\r\n\t\t\t\t\t<\/div>\r\n\t\t\t<\/div>\r\n\t\t<\/div>\r\n\t<\/div>\r\n<\/div>\r\n<div id=\"skt-builder-image-text-block-60\" class=\"skt-builder-block-wrapper skt-builder-image-text-block skt-builder-image-text-block-60\" style=\"background-color: #ffffff; background-image: url(http:\/\/www.montazemocek.cz\/wp-content\/uploads\/2023\/01\/a-3.png); padding-bottom: 50px; padding-top: 60px; \">\r\n\t<div class=\"skt-builder-block-inner skt-builder-block-inner-60\" style=\"\">\r\n\t\t<div class=\"skt-builder-container\">\r\n\t\t\t<div class=\"skt-builder-columns-row skt-builder-columns-row-2column\">\r\n\t\t\t\t\t<div class=\"skt-builder-column\">\r\n\t\t\t\t\t\t\t<div class=\"skt-builder-column-inner\"><img decoding=\"async\" src=\"http:\/\/www.montazemocek.cz\/wp-content\/uploads\/2023\/02\/Screenshot-2023-01-12-at-23-58-11-VEKA_Softline-_76_MD-1.pdf-1.png\"><\/div>\r\n\t\t\t\t\t<\/div>\r\n\t\t\t\t\t<div class=\"skt-builder-column\">\r\n\t\t\t\t\t\t\t<div class=\"skt-builder-block-title\">\r\n\t\t\t\t\t\t\t\t<h2 style=\"color: #282828; text-align: left;\">VEKA profil<\/h2>\r\n\t\t\t\t\t\t\t<\/div>\r\n\t\t\t\t\t\t\t<div class=\"skt-builder-column-inner\"><p>Syst\u00e9m SOFTLINE 76 jako nov\u00e1 generace profil\u016f t\u0159\u00eddy A od firmy VEKA spl\u0148uje v\u0161echny tyto po\u017eadavky. Tento profilov\u00fd syst\u00e9m se bez probl\u00e9m\u016f vypo\u0159\u00e1d\u00e1 sezasklen\u00edm a\u017e do 48 mm. Krom\u011b modern\u00edho trojskla, kter\u00e9 je z\u00e1rukou dosa\u017een\u00ed po\u017eadovan\u00fdch hodnot sou\u010dinitele<\/p><p> prostupu tepla, je mo\u017en\u00e9 pou\u017e\u00edt i skla speci\u00e1ln\u00ed. Ta zaji\u0161\u0165uj\u00ed vy\u0161\u0161\u00ed ochranu proti vloup\u00e1n\u00ed a omezuj\u00ed hluk z okol\u00ed. Z&nbsp;tohoto energeticky \u00fasporn\u00e9ho syst\u00e9mu \u0161t\u00edhl\u00fdch tvar\u016f lze dokonce realizovat i velk\u00e9 prosklen\u00e9 plochy.<\/p><p><br><\/p><p><br><\/p><p>V\u00edce o jednotliv\u00fdch profilech naleznete <a href=\"https:\/\/www.montazemocek.cz\/index.php\/veka\/\" target=\"_blank\" rel=\"noopener\"><u>ZDE<\/u><\/a>.<\/p><\/div>\r\n\t\t\t\t\t<\/div>\r\n\t\t\t<\/div>\r\n\t\t<\/div>\r\n\t<\/div>\r\n<\/div>\r\n<div id=\"skt-builder-image-text-block-89\" class=\"skt-builder-block-wrapper skt-builder-image-text-block skt-builder-image-text-block-89\" style=\"background-color: #ffffff; background-image: url(http:\/\/www.montazemocek.cz\/wp-content\/uploads\/2023\/01\/a-3.png); padding-bottom: 50px; padding-top: 60px; \">\r\n\t<div class=\"skt-builder-block-inner skt-builder-block-inner-89\" style=\"\">\r\n\t\t<div class=\"skt-builder-container\">\r\n\t\t\t<div class=\"skt-builder-columns-row skt-builder-columns-row-2column\">\r\n\t\t\t\t\t<div class=\"skt-builder-column\">\r\n\t\t\t\t\t\t\t<div class=\"skt-builder-column-inner\"><img decoding=\"async\" src=\"http:\/\/www.montazemocek.cz\/wp-content\/uploads\/2023\/02\/Gealan-S9000-CLASSIC-BIALY-600x461-1.jpg\"><\/div>\r\n\t\t\t\t\t<\/div>\r\n\t\t\t\t\t<div class=\"skt-builder-column\">\r\n\t\t\t\t\t\t\t<div class=\"skt-builder-block-title\">\r\n\t\t\t\t\t\t\t\t<h2 style=\"color: #282828; text-align: left;\">GEALAN profil<\/h2>\r\n\t\t\t\t\t\t\t<\/div>\r\n\t\t\t\t\t\t\t<div class=\"skt-builder-column-inner\"><p>Okna z plastov\u00fdch profil\u016f se snadno \u010dist\u00ed a jsou nen\u00e1ro\u010dn\u00e1 na \u00fadr\u017ebu. Vzhledem k jejich odolnosti v\u016f\u010di vliv\u016fm po\u010das\u00ed a vliv\u016fm \u017eivotn\u00edho prost\u0159ed\u00ed maj\u00ed dlouhou \u017eivotnost. Okna z v\u00edcekomorov\u00fdch profil\u016f GEALAN zajist\u00ed, \u017ee teplo z\u016fstane uvnit\u0159 a hluk venku. Poskytuj\u00ed jistotu, bezpe\u010dnost a vytv\u00e1\u0159\u00ed nezam\u011bnitelnou atmosf\u00e9ru bydlen\u00ed. V\u00fdb\u011br geometrie profilu, zp\u016fsobu otev\u00edr\u00e1n\u00ed a rozd\u011blen\u00ed oken maj\u00ed vliv na individu\u00e1ln\u00ed charakter okna. S profily GEALAN lze realizovat i okna neobvykl\u00fdch tvar\u016f. Modern\u00ed okenn\u00ed technologii lze realizovat podle vkusu a stavebn\u00edho stylu nejen v b\u00edl\u00e9, ale tak\u00e9 v GEALAN-acrylcolor\u00ae, dekora\u010dn\u00edm nebo d\u0159ev\u011bn\u00e9m f\u00f3liov\u00e1n\u00ed.<\/p><p><br><\/p><p>V\u00edce o jednotliv\u00fdch profilech naleznete <a href=\"https:\/\/www.montazemocek.cz\/index.php\/gealan-profil\/\" target=\"_blank\" rel=\"noopener\"><u>ZDE<\/u><\/a>.<\/p><p>&nbsp;<\/p><\/div>\r\n\t\t\t\t\t<\/div>\r\n\t\t\t<\/div>\r\n\t\t<\/div>\r\n\t<\/div>\r\n<\/div>\r\n<div id=\"skt-builder-image-text-block-118\" class=\"skt-builder-block-wrapper skt-builder-image-text-block skt-builder-image-text-block-118\" style=\"background-color: #ffffff; background-image: url(http:\/\/www.montazemocek.cz\/wp-content\/uploads\/2023\/01\/a-3.png); padding-bottom: 50px; padding-top: 60px; \">\r\n\t<div class=\"skt-builder-block-inner skt-builder-block-inner-118\" style=\"\">\r\n\t\t<div class=\"skt-builder-container\">\r\n\t\t\t<div class=\"skt-builder-columns-row skt-builder-columns-row-2column\">\r\n\t\t\t\t\t<div class=\"skt-builder-column\">\r\n\t\t\t\t\t\t\t<div class=\"skt-builder-column-inner\"><img decoding=\"async\" src=\"http:\/\/www.montazemocek.cz\/wp-content\/uploads\/2023\/02\/1-2.jpg\"><\/div>\r\n\t\t\t\t\t<\/div>\r\n\t\t\t\t\t<div class=\"skt-builder-column\">\r\n\t\t\t\t\t\t\t<div class=\"skt-builder-block-title\">\r\n\t\t\t\t\t\t\t\t<h2 style=\"color: #282828; text-align: left;\">Plasthlin\u00edkov\u00e1 okna<\/h2>\r\n\t\t\t\t\t\t\t<\/div>\r\n\t\t\t\t\t\t\t<div class=\"skt-builder-column-inner\"><p>AluClip je v\u00fdznamn\u00fd a pr\u016fkopnick\u00fd okenn\u00ed syst\u00e9m. Vynikaj\u00edc\u00ed teplen\u011b-izola\u010dn\u00ed parametry a vylep\u0161en\u00e1 statika, kterou by jste d\u0159\u00edve o\u010dek\u00e1vali jen u syst\u00e9m\u016f s mnohem v\u011bt\u0161\u00ed stavebn\u00ed hloubkou.<\/p><p>Dokonal\u00fd syst\u00e9m pro plastov\u00e1 okna opl\u00e1\u0161t\u011bn\u00fd hlin\u00edkovou konstrukc\u00ed s exkluzivn\u00edm vzhledem hlin\u00edkov\u00fdch oken a neomezenou barevnou \u0161k\u00e1lou v\u010detn\u011b d\u0159ev\u011bn\u00fdch dekor\u016f.<\/p><p><br><\/p><p>V\u00edce o jednotliv\u00fdch profilech naleznete <a href=\"https:\/\/www.montazemocek.cz\/index.php\/aluclip\/\" target=\"_blank\" rel=\"noopener\"><u>ZDE<\/u><\/a>.<\/p><\/div>\r\n\t\t\t\t\t<\/div>\r\n\t\t\t<\/div>\r\n\t\t<\/div>\r\n\t<\/div>\r\n<\/div><!-- sktbuilder starter --><script type=\"text\/javascript\" src=\"https:\/\/www.montazemocek.cz\/wp-content\/plugins\/skt-builder\/sktbuilder\/sktbuilder-frontend-starter.js\"><\/script><script type=\"text\/javascript\" src=\"https:\/\/www.montazemocek.cz\/wp-content\/plugins\/skt-builder\/sktbuilder-wordpress-driver.js\"><\/script><script type=\"text\/javascript\"> var starter = new SktbuilderStarter({\"mode\": \"prod\", \"skip\":[\"jquery\",\"underscore\",\"backbone\"],\"sktbuilderUrl\": \"https:\/\/www.montazemocek.cz\/wp-content\/plugins\/skt-builder\/sktbuilder\/\", \"driver\": new SktbuilderWordpressDriver({\"ajaxUrl\": \"https:\/\/www.montazemocek.cz\/wp-admin\/admin-ajax.php\", \"iframeUrl\": \"https:\/\/www.montazemocek.cz\/index.php\/co-umime\/?sktbuilder=true\", \"pageId\": 167,  \"nonce\": \"ab5cb73590\", \"pages\": [{\"title\":\"No title\",\"url\":\"https:\\\/\\\/www.montazemocek.cz\\\/wp-admin\\\/post.php?post=30&action=sktbuilder\"},{\"title\":\"Galerie\",\"url\":\"https:\\\/\\\/www.montazemocek.cz\\\/wp-admin\\\/post.php?post=127&action=sktbuilder\"},{\"title\":\"O N\\u00c1S\",\"url\":\"https:\\\/\\\/www.montazemocek.cz\\\/wp-admin\\\/post.php?post=190&action=sktbuilder\"},{\"title\":\"No title\",\"url\":\"https:\\\/\\\/www.montazemocek.cz\\\/wp-admin\\\/post.php?post=256&action=sktbuilder\"}], \"page\": \"Okna a dve\u0159e\" }) });<\/script><!-- end sktbuilder starter -->","protected":false},"excerpt":{"rendered":"<p>TROCAL profil Kvalitn\u00ed okna TROCAL s n\u011bmeck\u00fdm i \u010desk\u00fdm certifik\u00e1temN\u011bmeck\u00fd profil TROCAL spl\u0148uje \u010desk\u00e9 i evropsk\u00e9 normy, co\u017e lze jednodu\u0161e dolo\u017eit certifik\u00e1ty kvality.Plastov\u00e1 okna TROCAL byla certifikov\u00e1na n\u011bmeckou zku\u0161ebnou ift Rosenheim, co\u017e je spole\u010dnost mezin\u00e1rodn\u011b uzn\u00e1van\u00e1 jako zku\u0161ebn\u00ed \u00fastavu specializuj\u00edc\u00ed se na hodnocen\u00ed vhodnosti pou\u017eit\u00ed stavebn\u00edch v\u00fdrobk\u016f.ift Rosenheim prov\u00e1d\u00ed testov\u00e1n\u00ed oken podle EN 14351-1, fas\u00e1d<br \/><a class=\"moretag\" href=\"https:\/\/www.montazemocek.cz\/index.php\/co-umime\/\">+ Read More<\/a><\/p>\n","protected":false},"author":1,"featured_media":0,"parent":0,"menu_order":2,"comment_status":"closed","ping_status":"closed","template":"templates\/page-builder.php","meta":{"footnotes":""},"_links":{"self":[{"href":"https:\/\/www.montazemocek.cz\/index.php\/wp-json\/wp\/v2\/pages\/167"}],"collection":[{"href":"https:\/\/www.montazemocek.cz\/index.php\/wp-json\/wp\/v2\/pages"}],"about":[{"href":"https:\/\/www.montazemocek.cz\/index.php\/wp-json\/wp\/v2\/types\/page"}],"author":[{"embeddable":true,"href":"https:\/\/www.montazemocek.cz\/index.php\/wp-json\/wp\/v2\/users\/1"}],"replies":[{"embeddable":true,"href":"https:\/\/www.montazemocek.cz\/index.php\/wp-json\/wp\/v2\/comments?post=167"}],"version-history":[{"count":52,"href":"https:\/\/www.montazemocek.cz\/index.php\/wp-json\/wp\/v2\/pages\/167\/revisions"}],"predecessor-version":[{"id":885,"href":"https:\/\/www.montazemocek.cz\/index.php\/wp-json\/wp\/v2\/pages\/167\/revisions\/885"}],"wp:attachment":[{"href":"https:\/\/www.montazemocek.cz\/index.php\/wp-json\/wp\/v2\/media?parent=167"}],"curies":[{"name":"wp","href":"https:\/\/api.w.org\/{rel}","templated":true}]}}